{"id":2449,"date":"2025-02-01T11:31:22","date_gmt":"2025-02-01T10:31:22","guid":{"rendered":"https:\/\/ffnienstedt.de\/?page_id=2449"},"modified":"2025-02-13T14:16:20","modified_gmt":"2025-02-13T13:16:20","slug":"kommando","status":"publish","type":"page","link":"https:\/\/ffnienstedt.de\/?page_id=2449","title":{"rendered":"Kommando"},"content":{"rendered":"\n<div class=\"wp-block-columns is-layout-flex wp-container-core-columns-is-layout-9d6595d7 wp-block-columns-is-layout-flex\">\n<div class=\"wp-block-column is-layout-flow wp-block-column-is-layout-flow\">\n<p>Kay Schumann<br>Ortsbrandmeister<br><br><br><br><br>Daniel Heurs<br>Gruppenf\u00fchrer \/ Sicherheitsbeauftragter<br><br><br><br><br>Bernd Schroeder<br>Ger\u00e4tewart<br><br><br><br><br>Jeremy Jilek<br>Jugendfeuerwehrwart<\/p>\n<\/div>\n\n\n\n<div class=\"wp-block-column is-layout-flow wp-block-column-is-layout-flow\">\n<p>Hendrik Seffer<br>Stellvertretender Ortsbrandmeister<br><br><br><br><br>Sven Nasticky<br>Gruppenf\u00fchrer<br><br><br><br><br>Mara Schroeder<br>Schriftf\u00fchrerin<br><br><br><br><br>Violetta Pluskotta<br>Kinderfeuerwehrwartin \/ Atemschutzbeauftrage<\/p>\n<\/div>\n<\/div>\n\n\n\n<p><\/p>\n","protected":false},"excerpt":{"rendered":"<p>Kay SchumannOrtsbrandmeister Daniel HeursGruppenf\u00fchrer \/ Sicherheitsbeauftragter Bernd SchroederGer\u00e4tewart Jeremy JilekJugendfeuerwehrwart Hendrik SefferStellvertretender Ortsbrandmeister Sven NastickyGruppenf\u00fchrer Mara SchroederSchriftf\u00fchrerin Violetta PluskottaKinderfeuerwehrwartin \/ Atemschutzbeauftrage<\/p>\n","protected":false},"author":6,"featured_media":0,"parent":0,"menu_order":0,"comment_status":"closed","ping_status":"closed","template":"","meta":{"footnotes":""},"class_list":["post-2449","page","type-page","status-publish","hentry"],"jetpack_sharing_enabled":true,"_links":{"self":[{"href":"https:\/\/ffnienstedt.de\/index.php?rest_route=\/wp\/v2\/pages\/2449","targetHints":{"allow":["GET"]}}],"collection":[{"href":"https:\/\/ffnienstedt.de\/index.php?rest_route=\/wp\/v2\/pages"}],"about":[{"href":"https:\/\/ffnienstedt.de\/index.php?rest_route=\/wp\/v2\/types\/page"}],"author":[{"embeddable":true,"href":"https:\/\/ffnienstedt.de\/index.php?rest_route=\/wp\/v2\/users\/6"}],"replies":[{"embeddable":true,"href":"https:\/\/ffnienstedt.de\/index.php?rest_route=%2Fwp%2Fv2%2Fcomments&post=2449"}],"version-history":[{"count":3,"href":"https:\/\/ffnienstedt.de\/index.php?rest_route=\/wp\/v2\/pages\/2449\/revisions"}],"predecessor-version":[{"id":2525,"href":"https:\/\/ffnienstedt.de\/index.php?rest_route=\/wp\/v2\/pages\/2449\/revisions\/2525"}],"wp:attachment":[{"href":"https:\/\/ffnienstedt.de\/index.php?rest_route=%2Fwp%2Fv2%2Fmedia&parent=2449"}],"curies":[{"name":"wp","href":"https:\/\/api.w.org\/{rel}","templated":true}]}}