{"id":2336,"date":"2014-01-19T15:37:27","date_gmt":"2014-01-19T14:37:27","guid":{"rendered":"http:\/\/www.ffnienstedt.de\/?page_id=4"},"modified":"2014-01-19T15:37:27","modified_gmt":"2014-01-19T14:37:27","slug":"kontakt","status":"publish","type":"page","link":"https:\/\/ffnienstedt.de\/?page_id=2336","title":{"rendered":"Kontakt"},"content":{"rendered":"<p><a href=\"https:\/\/i0.wp.com\/ffnienstedt.de\/wp-content\/uploads\/2016\/10\/K800_IMG_0530.jpg?ssl=1\"><img data-recalc-dims=\"1\" loading=\"lazy\" decoding=\"async\" class=\"alignleft size-medium wp-image-477\" src=\"https:\/\/i0.wp.com\/ffnienstedt.de\/wp-content\/uploads\/2016\/10\/K800_IMG_0530.jpg?resize=300%2C225&#038;ssl=1\" alt=\"\" width=\"300\" height=\"225\" srcset=\"https:\/\/i0.wp.com\/ffnienstedt.de\/wp-content\/uploads\/2016\/10\/K800_IMG_0530.jpg?resize=300%2C225&amp;ssl=1 300w, https:\/\/i0.wp.com\/ffnienstedt.de\/wp-content\/uploads\/2016\/10\/K800_IMG_0530.jpg?resize=768%2C576&amp;ssl=1 768w, https:\/\/i0.wp.com\/ffnienstedt.de\/wp-content\/uploads\/2016\/10\/K800_IMG_0530.jpg?w=800&amp;ssl=1 800w\" sizes=\"auto, (max-width: 300px) 100vw, 300px\" \/><\/a>Wir freuen uns \u00fcber Lob, Kritik und Anregungen von Ihnen.<\/p>\n<p>Selbstverst\u00e4ndlich werden wir Ihre Anfrage schnellstm\u00f6glichst bearbeiten und Ihnen antworten.<\/p>\n<p>Sie erreichen uns per E-Mail unter<\/p>\n<p><a href=\"mailto:info@ffnienstedt.de\">info@ffnienstedt.de<\/a><\/p>\n<p>Wir freuen uns auf Ihre Nachricht.<\/p>\n<p>Ihre Freiwillige Feuerwehr Nienstedt.<\/p>\n","protected":false},"excerpt":{"rendered":"<p>Wir freuen uns \u00fcber Lob, Kritik und Anregungen von Ihnen. Selbstverst\u00e4ndlich werden wir Ihre Anfrage schnellstm\u00f6glichst bearbeiten und Ihnen antworten. Sie erreichen uns per E-Mail unter info@ffnienstedt.de Wir freuen uns auf Ihre Nachricht. Ihre Freiwillige Feuerwehr Nienstedt.<\/p>\n","protected":false},"author":3,"featured_media":0,"parent":0,"menu_order":2,"comment_status":"closed","ping_status":"closed","template":"","meta":{"footnotes":""},"class_list":["post-2336","page","type-page","status-publish","hentry"],"jetpack_sharing_enabled":true,"_links":{"self":[{"href":"https:\/\/ffnienstedt.de\/index.php?rest_route=\/wp\/v2\/pages\/2336","targetHints":{"allow":["GET"]}}],"collection":[{"href":"https:\/\/ffnienstedt.de\/index.php?rest_route=\/wp\/v2\/pages"}],"about":[{"href":"https:\/\/ffnienstedt.de\/index.php?rest_route=\/wp\/v2\/types\/page"}],"author":[{"embeddable":true,"href":"https:\/\/ffnienstedt.de\/index.php?rest_route=\/wp\/v2\/users\/3"}],"replies":[{"embeddable":true,"href":"https:\/\/ffnienstedt.de\/index.php?rest_route=%2Fwp%2Fv2%2Fcomments&post=2336"}],"version-history":[{"count":0,"href":"https:\/\/ffnienstedt.de\/index.php?rest_route=\/wp\/v2\/pages\/2336\/revisions"}],"wp:attachment":[{"href":"https:\/\/ffnienstedt.de\/index.php?rest_route=%2Fwp%2Fv2%2Fmedia&parent=2336"}],"curies":[{"name":"wp","href":"https:\/\/api.w.org\/{rel}","templated":true}]}}